{"id":99,"date":"2016-05-07T09:13:52","date_gmt":"2016-05-07T09:13:52","guid":{"rendered":"http:\/\/flair-boutique.de\/?page_id=99"},"modified":"2021-02-16T15:55:18","modified_gmt":"2021-02-16T15:55:18","slug":"impressum","status":"publish","type":"page","link":"https:\/\/flair-boutique.de\/clickandbuilds\/BoutiqueFlair\/impressum","title":{"rendered":"Impressum und Datenschutz"},"content":{"rendered":"<p style=\"text-align: justify;\"><span style=\"color: #333333;\"><span style=\"color: #0000ff;\"><strong>Allgemein<\/strong><\/span><br \/><strong>Verantwortlich f\u00fcr den Inhalt:<\/strong><br \/>Ruth Paschold<br \/>M\u00fchlweg 25, 63825 Sommerkahl<\/span><br \/><span style=\"color: #333333;\"> Telefon: 06024-630777<br \/>E-Mail: info@flair-boutique.de<br \/>Umsatzsteuer-Identifikationsnummer: DE 132 019 865<br \/>Mitglied im Handelsverband Bayern e. V., Bezirk Unterfranken<\/span><\/p>\n<p><span style=\"color: #000000;\">\u00a9 Copyright der verwendeten Bilder: E-Mail f\u00fcr Kontakt siehe oben.<\/span><br \/><span style=\"color: #000000;\"> Eine Weiterverwendung der Bilder ist nur mit ausdr\u00fccklicher Genehmigung des Besitzers statthaft.<\/span><\/p>\n<p style=\"text-align: justify;\"><span style=\"color: #000000;\">Wir m\u00f6chten ausdr\u00fccklich betonen, dass wir keinerlei Einfluss auf die Gestaltung und Inhalte der gelinkten Websites haben. Daher distanzieren wir uns hiermit ausdr\u00fccklich von allen Inhalten aller gelinkten Websites auf unserer gesamten Website inkl. aller Unterseiten und deren Unterlinks oder anderen Weiterleitungsmechanismen. Diese Erkl\u00e4rung gilt f\u00fcr alle, auf unserer Homepage eingebrachten Links und f\u00fcr alle Inhalte der Seiten, zu denen Links, Banner oder sonstige Verkn\u00fcpfungen f\u00fchren.<\/span><\/p>\n<p style=\"text-align: justify;\"><strong><span style=\"color: #0000ff;\">Datenschutzerkl\u00e4rung<\/span><\/strong><br \/><strong><span style=\"color: #000000;\">1. Personenbezogene Daten<\/span><\/strong><br \/><span style=\"color: #000000;\"> Personenbezogene Daten sind alle Informationen, die sich auf eine identifizierte oder identifizierbare nat\u00fcrliche Person beziehen, z. B. Vor- und Nachname, Adresse, E-Mail-Adresse, Geburtsdatum, Telefonnummer, Nutzerverhalten (Art. 4 Nr. 1 Datenschutz-Grundverordnung (DS-GVO).<\/span><\/p>\n<p style=\"text-align: justify;\"><strong><span style=\"color: #000000;\">2. Verarbeitung<\/span><\/strong><br \/><span style=\"color: #000000;\"> a) Verarbeitung ist jeder mit oder ohne Hilfe automatmatisierter Verfahren ausgef\u00fchrte Vorgang oder jede solche Vorgangsreihe im Zusammenhang mit personenbezogenen Daten, wie das Erheben, das Erfassen, die Organisation, das Ordnen, die Speicherung, die Anpassung oder Ver\u00e4nderung, das Auslesen, das Abfragen, die Verwendung, die Offenlegung durch \u00dcbermittlung, Verbreitung oder eine andere Form der Bereitstellung, den Abgleich oder die Verkn\u00fcpfung, die Einschr\u00e4nkung, das L\u00f6schen oder die Vernichtung (Art. 4 Nr. 2 DS-GVO).<\/span><\/p>\n<p style=\"text-align: justify;\"><span style=\"color: #000000;\">b) Sofern Sie mit uns per E-Mail oder \u00fcber ein Kontaktformular in Kontakt treten, werden die von Ihnen mitgeteilten Daten von uns gespeichert, um Ihre Fragen zu beantworten. Die dabei anfallenden Daten l\u00f6schen wir, nachdem die Speicherung nicht mehr erforderlich ist, oder schr\u00e4nken die Verarbeitung ein, falls gesetzliche Aufbewahrungspflichten bestehen.<\/span><\/p>\n<p style=\"text-align: justify;\"><span style=\"color: #000000;\">c) Falls wir f\u00fcr einzelne Funktionen unseres Angebotes auf beauftragte Dienstleister zur\u00fcckgreifen oder Ihre Daten f\u00fcr werbliche Zwecke nutzen m\u00f6chten, werden wir Sie nachstehend im Detail \u00fcber die jeweiligen Vorg\u00e4nge informieren. Dabei werden auch die festgelegten Kriterien der Speicherdauer genannt.<\/span><\/p>\n<p><strong><span style=\"color: #000000;\">3. Verantwortlicher<\/span><\/strong><br \/><span style=\"color: #000000;\"> Verantwortlicher i. S. d. Art. 4 Nr. 7 DS-GVO ist (vgl. auch unser Impressum\/Allgemein):<br \/>&#8211; Ruth Paschold<br \/>&#8211; M\u00fchlenweg 25, 63825 Sommerkahl<br \/>&#8211; Telefon: 06024-630777<br \/>&#8211; Fax: 06024-630779<br \/>-E-Mail-Adresse: info@flair-boutique.de<\/span><\/p>\n<p><strong><span style=\"color: #000000;\">4. Rechte<\/span><\/strong><br \/><span style=\"color: #000000;\"> a) Sie haben uns gegen\u00fcber folgende Rechte hinsichtlich der Sie betreffenden personenbezogenen Daten:<\/span><br \/><span style=\"color: #000000;\"> &#8211; Recht auf Auskunft, Art. 15 DS-GVO<\/span><br \/><span style=\"color: #000000;\"> &#8211; Recht auf Berichtigung, Art. 16 DS-GVO<\/span><br \/><span style=\"color: #000000;\"> &#8211; Recht auf L\u00f6schung, Art. 17 DS-GVO<\/span><br \/><span style=\"color: #000000;\"> &#8211; Recht auf Einschr\u00e4ngung der Verarbeitung, Art. 18 DS-GVO<\/span><br \/><span style=\"color: #000000;\"> &#8211; Recht auf Widerspruch gegen die Verarbeitung, Art. 21 DS-GVO<\/span><br \/><span style=\"color: #000000;\"> &#8211; Recht auf Daten\u00fcbertragbarkeit, Art. 20 DS-GVO<\/span><\/p>\n<p><span style=\"color: #000000;\">b) Sie haben zudem ein Beschwerderecht hinsichtlich der Verarbeitung Ihrer personenbezogenen Daten beim Datenschutzbeauftragten oder der Datenschutzaufsichtsbeh\u00f6rde.<\/span><\/p>\n<p><span style=\"color: #000000;\">Die zust\u00e4ndige Ausichtsbeh\u00f6rde (<em>f\u00fcr Firmen mit Sitz in Bayern<\/em>) ist:<\/span><br \/><span style=\"color: #000000;\">Bayerisches Landesamt f\u00fcr Datenschutzaufsicht<\/span><br \/><span style=\"color: #000000;\">Promenade 27<\/span><br \/><span style=\"color: #000000;\">91522 Ansbach<\/span><br \/><span style=\"color: #000000;\">Tel: 0981 53 1300<\/span><br \/><span style=\"color: #000000;\">Fax: 0981 53 98 1300<\/span><br \/><span style=\"color: #000000;\">E-Mail: poststelle@Ida.bayern.de<\/span><\/p>\n<p style=\"text-align: justify;\"><strong><span style=\"color: #000000;\">5. Erhebung personenbezogener Daten bei Besuch unserer Website<\/span><\/strong><br \/><span style=\"color: #000000;\"> Bei der blo\u00df informatorischen Nutzung der Website , also wenn Sie sich nicht registrieren oder uns anderweitig Informationen \u00fcbermitteln, erheben wir nur die personenbezogenen Daten, die Ihr Browser an unseren Server \u00fcbermittelt. Wenn Sie unser Website betrachten m\u00f6chten, erheben wir nach Atr. 6 Abs. 1 S. 1f (DS-GVO) die folgenden Daten, die f\u00fcr uns technisch erforderlich sind, um Ihnen unsere Website anzuzeigen und die Stabilit\u00e4t und Sicherheit zu gew\u00e4hrleisten:<\/span><\/p>\n<p><span style=\"color: #000000;\">&#8211; IP-Adresse<\/span><br \/><span style=\"color: #000000;\"> &#8211; Datum und Uhrzeit der Anfrage<\/span><br \/><span style=\"color: #000000;\"> &#8211; Zeitzonendifferenz zur Greenwich Mean Time (GMT)<\/span><br \/><span style=\"color: #000000;\"> &#8211; Inhalt der Anforderung (konkrete Seite)<\/span><br \/><span style=\"color: #000000;\"> &#8211; Zugriffsstatus\/HTTO-Statuscode<\/span><br \/><span style=\"color: #000000;\"> &#8211; jeweils \u00fcbertragene Datenmenge<\/span><br \/><span style=\"color: #000000;\"> &#8211; Website, von der die Anforderung kommt<\/span><br \/><span style=\"color: #000000;\"> &#8211; Browser<\/span><br \/><span style=\"color: #000000;\"> &#8211; Betriebssystem und dessen Oberfl\u00e4che<\/span><br \/><span style=\"color: #000000;\"> &#8211; Sprache und Version der Browsersoftware<\/span><\/p>\n<p><strong><span style=\"color: #000000;\">6. Cookies<\/span><\/strong><br \/><span style=\"color: #000000;\">a) Zus\u00e4tzlich zu den unter 5. genannten Daten werden bei der Nutzung unserer Website Cookies auf Ihrem Rechner gespeichert.<\/span><\/p>\n<p style=\"text-align: justify;\"><span style=\"color: #000000;\">b) Bei Cookies handelt es sich um kleine Textdateien, die auf Ihrer Festplatte dem von Ihnen verwendeten Browser zugeordnet gespeichert werden und durch welche der Stelle, die den Cookie setzt (hier durch uns), bestimmte Informationen zuflie\u00dfen. Cookies k\u00f6nnen keine Programme ausf\u00fchren oder Viren auf Ihren Computer \u00fcbertragen. Sie dienen dazu, das Internetangebot insgesamt nutzerfreundlicher und effektiver zu machen.<\/span><\/p>\n<p><span style=\"color: #000000;\">c) Diese Website nutzt verschiedene Arten der Cookies, deren Umfang und Funktionsweise im Folgenden erl\u00e4utert werden:<\/span><\/p>\n<p style=\"text-align: justify;\"><span style=\"color: #000000;\">&#8211; Transiente Cookies:<\/span><br \/><span style=\"color: #000000;\"> Transiente Cookies werden automatisiert gel\u00f6scht, wenn Sie den Browser schlie\u00dfen. Dazu z\u00e4hlen insbesondere die Session-Cookies. Diese speichern eine sogenannte Session-ID, mit welcher sich verschiedene Anfragen Ihrer Browsers der gemeinsamen Sitzung zuordnen lassen. Dadurch kann Ihr Rechner wiedererkannt werden, wenn Sie auf unsere Website zur\u00fcckkehren. Die Session-Cookies werden gel\u00f6scht, wenn Sie sich ausloggen oder den Browser schlie\u00dfen.<\/span><\/p>\n<p style=\"text-align: justify;\"><span style=\"color: #000000;\">&#8211; Persistente Cookies:<\/span><br \/><span style=\"color: #000000;\"> Persistente Cookies werden automatisiert nach einer vorgegebenen Dauer gel\u00f6scht, die sich je nach Cookie unterscheiden kann. Sie k\u00f6nnen die Cookies in den Sicherheitseinstellungen Ihres Browsers jederzeit l\u00f6schen.<\/span><\/p>\n<p style=\"text-align: justify;\"><span style=\"color: #000000;\">d) Sie k\u00f6nnen Ihre Browser-Einstellung entsprechend Ihren W\u00fcnschen konfigurieren und z. B. die Annahme von Third-Party-Cookies oder allen Cookies ablehnen. Wir weisen Sie daraufhin, dass Sie eventuell nicht alle Funktionen dieser Website nutzen k\u00f6nnen.<\/span><\/p>\n<p style=\"text-align: justify;\"><span style=\"color: #000000;\">e) Wir setzen Cookies ein, um Sie f\u00fcr Folgebesuche identifizieren zu k\u00f6nnen, falls Sie \u00fcber einen Account bei uns verf\u00fcgen. Andernfalls m\u00fcssen Sie sich f\u00fce jeden Besuch erneut einloggen.<\/span><\/p>\n<p style=\"text-align: justify;\"><span style=\"color: #000000;\">f) Die gentzten Flash-Cookies werden nicht durch Ihren Browser erfasst, sondern durch Ihr Flash-Plug-in. Weiterhin nutzen wir HTML5 storage objects, die auf Ihrem Endger\u00e4t abgelegt werden. Diese Objekte speichern die erforderlichen Daten unabh\u00e4ngig von Ihrem vrwendeten Browser und haben kein automatisches Ablaufdatum. Wenn Sie keine Verarbeitung der Flash-Cookies w\u00fcnschen, m\u00fcssen Sie ein entsprechendes Add-On installieren, z. B. &#8222;Better Privacy&#8220; f\u00fcr Mozilla Firefox (https:\/\/addons.mozilla.org\/de\/firefox\/addon\/betterprivacy\/) oder das Adobe-Flash-Killer-Cookie f\u00fcr Google Chrome.\u00a0 Die Nutzung von HTML5 storage objects k\u00f6nnen Sie verhindern, indem Sie in Ihrem Browser den privaten Modus einsetzen. Zudem empfehlen wir, regelm\u00e4\u00dfig Ihre Cookies und Browser-Verlauf manuell zu l\u00f6schen.<\/span><\/p>\n<p>g) Diese Cookies finden Anwendung:<\/p>\n<table class=\"cookielawinfo-row-cat-table cookielawinfo-classic\"><thead><tr><th class=\"cookielawinfo-column-1\">Cookie<\/th><th class=\"cookielawinfo-column-2\">Typ<\/th><th class=\"cookielawinfo-column-3\">Dauer<\/th><th class=\"cookielawinfo-column-4\">Beschreibung<\/th><\/tr><\/thead><tbody><tr class=\"cookielawinfo-row\"><td class=\"cookielawinfo-column-1\">cookielawinfo-checkbox-necessary<\/td><td class=\"cookielawinfo-column-2\">session<\/td><td class=\"cookielawinfo-column-3\">Sitzung<\/td><td class=\"cookielawinfo-column-4\">Einstellungen, ob notwendige Cookies erlaubt sind: \"Ja\/Nein\" - \"Ja\" ist fest eingestellt.<\/td><\/tr><tr class=\"cookielawinfo-row\"><td class=\"cookielawinfo-column-1\">CookieLawInfoConsent<\/td><td class=\"cookielawinfo-column-2\">session<\/td><td class=\"cookielawinfo-column-3\">Sitzung<\/td><td class=\"cookielawinfo-column-4\">Speichert den voreingestellten Status eines Buttons, nur in Verbindung mit anderen Cookies.<\/td><\/tr><tr class=\"cookielawinfo-row\"><td class=\"cookielawinfo-column-1\">viewed_cookie_policy<\/td><td class=\"cookielawinfo-column-2\">session<\/td><td class=\"cookielawinfo-column-3\">Sitzung<\/td><td class=\"cookielawinfo-column-4\">Merker, ob der Cookie-Banner angezeigt wurde \"Ja\/Nein\"<\/td><\/tr><\/tbody><\/table>\n<p>h) Diese Einstellungen sind gespeichert:<\/p>\n\n<a role='button' tabindex='0' class=\"cli_settings_button\">Cookie Einstellungen<\/a>\n","protected":false},"excerpt":{"rendered":"<p>AllgemeinVerantwortlich f\u00fcr den Inhalt:Ruth PascholdM\u00fchlweg 25, 63825 Sommerkahl Telefon: 06024-630777E-Mail: info@flair-boutique.deUmsatzsteuer-Identifikationsnummer: DE 132 019 865Mitglied im Handelsverband Bayern e. V., Bezirk Unterfranken \u00a9 Copyright der &hellip; <\/p>\n","protected":false},"author":2,"featured_media":0,"parent":0,"menu_order":8,"comment_status":"closed","ping_status":"closed","template":"","meta":{"footnotes":""},"class_list":["post-99","page","type-page","status-publish","hentry"],"yoast_head":"<!-- This site is optimized with the Yoast SEO plugin v27.5 - https:\/\/yoast.com\/product\/yoast-seo-wordpress\/ -->\n<title>Impressum und Datenschutz - Flair Boutique<\/title>\n<meta name=\"robots\" content=\"index, follow, max-snippet:-1, max-image-preview:large, max-video-preview:-1\" \/>\n<link rel=\"canonical\" href=\"https:\/\/flair-boutique.de\/clickandbuilds\/BoutiqueFlair\/impressum\" \/>\n<meta property=\"og:locale\" content=\"de_DE\" \/>\n<meta property=\"og:type\" content=\"article\" \/>\n<meta property=\"og:title\" content=\"Impressum und Datenschutz - Flair Boutique\" \/>\n<meta property=\"og:description\" content=\"AllgemeinVerantwortlich f\u00fcr den Inhalt:Ruth PascholdM\u00fchlweg 25, 63825 Sommerkahl Telefon: 06024-630777E-Mail: info@flair-boutique.deUmsatzsteuer-Identifikationsnummer: DE 132 019 865Mitglied im Handelsverband Bayern e. V., Bezirk Unterfranken \u00a9 Copyright der &hellip;\" \/>\n<meta property=\"og:url\" content=\"https:\/\/flair-boutique.de\/clickandbuilds\/BoutiqueFlair\/impressum\" \/>\n<meta property=\"og:site_name\" content=\"Flair Boutique\" \/>\n<meta property=\"article:modified_time\" content=\"2021-02-16T15:55:18+00:00\" \/>\n<meta name=\"twitter:card\" content=\"summary_large_image\" \/>\n<meta name=\"twitter:label1\" content=\"Gesch\u00e4tzte Lesezeit\" \/>\n\t<meta name=\"twitter:data1\" content=\"5\u00a0Minuten\" \/>\n<script type=\"application\/ld+json\" class=\"yoast-schema-graph\">{\"@context\":\"https:\\\/\\\/schema.org\",\"@graph\":[{\"@type\":\"WebPage\",\"@id\":\"https:\\\/\\\/flair-boutique.de\\\/clickandbuilds\\\/BoutiqueFlair\\\/impressum\",\"url\":\"https:\\\/\\\/flair-boutique.de\\\/clickandbuilds\\\/BoutiqueFlair\\\/impressum\",\"name\":\"Impressum und Datenschutz - Flair Boutique\",\"isPartOf\":{\"@id\":\"https:\\\/\\\/flair-boutique.de\\\/clickandbuilds\\\/BoutiqueFlair\\\/#website\"},\"datePublished\":\"2016-05-07T09:13:52+00:00\",\"dateModified\":\"2021-02-16T15:55:18+00:00\",\"breadcrumb\":{\"@id\":\"https:\\\/\\\/flair-boutique.de\\\/clickandbuilds\\\/BoutiqueFlair\\\/impressum#breadcrumb\"},\"inLanguage\":\"de\",\"potentialAction\":[{\"@type\":\"ReadAction\",\"target\":[\"https:\\\/\\\/flair-boutique.de\\\/clickandbuilds\\\/BoutiqueFlair\\\/impressum\"]}]},{\"@type\":\"BreadcrumbList\",\"@id\":\"https:\\\/\\\/flair-boutique.de\\\/clickandbuilds\\\/BoutiqueFlair\\\/impressum#breadcrumb\",\"itemListElement\":[{\"@type\":\"ListItem\",\"position\":1,\"name\":\"Start\",\"item\":\"https:\\\/\\\/flair-boutique.de\\\/clickandbuilds\\\/BoutiqueFlair\\\/\"},{\"@type\":\"ListItem\",\"position\":2,\"name\":\"Impressum und Datenschutz\"}]},{\"@type\":\"WebSite\",\"@id\":\"https:\\\/\\\/flair-boutique.de\\\/clickandbuilds\\\/BoutiqueFlair\\\/#website\",\"url\":\"https:\\\/\\\/flair-boutique.de\\\/clickandbuilds\\\/BoutiqueFlair\\\/\",\"name\":\"Flair Boutique\",\"description\":\"\",\"publisher\":{\"@id\":\"https:\\\/\\\/flair-boutique.de\\\/clickandbuilds\\\/BoutiqueFlair\\\/#organization\"},\"potentialAction\":[{\"@type\":\"SearchAction\",\"target\":{\"@type\":\"EntryPoint\",\"urlTemplate\":\"https:\\\/\\\/flair-boutique.de\\\/clickandbuilds\\\/BoutiqueFlair\\\/?s={search_term_string}\"},\"query-input\":{\"@type\":\"PropertyValueSpecification\",\"valueRequired\":true,\"valueName\":\"search_term_string\"}}],\"inLanguage\":\"de\"},{\"@type\":\"Organization\",\"@id\":\"https:\\\/\\\/flair-boutique.de\\\/clickandbuilds\\\/BoutiqueFlair\\\/#organization\",\"name\":\"Flair Boutique\",\"url\":\"https:\\\/\\\/flair-boutique.de\\\/clickandbuilds\\\/BoutiqueFlair\\\/\",\"logo\":{\"@type\":\"ImageObject\",\"inLanguage\":\"de\",\"@id\":\"https:\\\/\\\/flair-boutique.de\\\/clickandbuilds\\\/BoutiqueFlair\\\/#\\\/schema\\\/logo\\\/image\\\/\",\"url\":\"https:\\\/\\\/flair-boutique.de\\\/wp-content\\\/uploads\\\/2016\\\/11\\\/2016-11-08-19-19-11.jpg\",\"contentUrl\":\"https:\\\/\\\/flair-boutique.de\\\/wp-content\\\/uploads\\\/2016\\\/11\\\/2016-11-08-19-19-11.jpg\",\"width\":859,\"height\":419,\"caption\":\"Flair Boutique\"},\"image\":{\"@id\":\"https:\\\/\\\/flair-boutique.de\\\/clickandbuilds\\\/BoutiqueFlair\\\/#\\\/schema\\\/logo\\\/image\\\/\"}}]}<\/script>\n<!-- \/ Yoast SEO plugin. -->","yoast_head_json":{"title":"Impressum und Datenschutz - Flair Boutique","robots":{"index":"index","follow":"follow","max-snippet":"max-snippet:-1","max-image-preview":"max-image-preview:large","max-video-preview":"max-video-preview:-1"},"canonical":"https:\/\/flair-boutique.de\/clickandbuilds\/BoutiqueFlair\/impressum","og_locale":"de_DE","og_type":"article","og_title":"Impressum und Datenschutz - Flair Boutique","og_description":"AllgemeinVerantwortlich f\u00fcr den Inhalt:Ruth PascholdM\u00fchlweg 25, 63825 Sommerkahl Telefon: 06024-630777E-Mail: info@flair-boutique.deUmsatzsteuer-Identifikationsnummer: DE 132 019 865Mitglied im Handelsverband Bayern e. V., Bezirk Unterfranken \u00a9 Copyright der &hellip;","og_url":"https:\/\/flair-boutique.de\/clickandbuilds\/BoutiqueFlair\/impressum","og_site_name":"Flair Boutique","article_modified_time":"2021-02-16T15:55:18+00:00","twitter_card":"summary_large_image","twitter_misc":{"Gesch\u00e4tzte Lesezeit":"5\u00a0Minuten"},"schema":{"@context":"https:\/\/schema.org","@graph":[{"@type":"WebPage","@id":"https:\/\/flair-boutique.de\/clickandbuilds\/BoutiqueFlair\/impressum","url":"https:\/\/flair-boutique.de\/clickandbuilds\/BoutiqueFlair\/impressum","name":"Impressum und Datenschutz - Flair Boutique","isPartOf":{"@id":"https:\/\/flair-boutique.de\/clickandbuilds\/BoutiqueFlair\/#website"},"datePublished":"2016-05-07T09:13:52+00:00","dateModified":"2021-02-16T15:55:18+00:00","breadcrumb":{"@id":"https:\/\/flair-boutique.de\/clickandbuilds\/BoutiqueFlair\/impressum#breadcrumb"},"inLanguage":"de","potentialAction":[{"@type":"ReadAction","target":["https:\/\/flair-boutique.de\/clickandbuilds\/BoutiqueFlair\/impressum"]}]},{"@type":"BreadcrumbList","@id":"https:\/\/flair-boutique.de\/clickandbuilds\/BoutiqueFlair\/impressum#breadcrumb","itemListElement":[{"@type":"ListItem","position":1,"name":"Start","item":"https:\/\/flair-boutique.de\/clickandbuilds\/BoutiqueFlair\/"},{"@type":"ListItem","position":2,"name":"Impressum und Datenschutz"}]},{"@type":"WebSite","@id":"https:\/\/flair-boutique.de\/clickandbuilds\/BoutiqueFlair\/#website","url":"https:\/\/flair-boutique.de\/clickandbuilds\/BoutiqueFlair\/","name":"Flair Boutique","description":"","publisher":{"@id":"https:\/\/flair-boutique.de\/clickandbuilds\/BoutiqueFlair\/#organization"},"potentialAction":[{"@type":"SearchAction","target":{"@type":"EntryPoint","urlTemplate":"https:\/\/flair-boutique.de\/clickandbuilds\/BoutiqueFlair\/?s={search_term_string}"},"query-input":{"@type":"PropertyValueSpecification","valueRequired":true,"valueName":"search_term_string"}}],"inLanguage":"de"},{"@type":"Organization","@id":"https:\/\/flair-boutique.de\/clickandbuilds\/BoutiqueFlair\/#organization","name":"Flair Boutique","url":"https:\/\/flair-boutique.de\/clickandbuilds\/BoutiqueFlair\/","logo":{"@type":"ImageObject","inLanguage":"de","@id":"https:\/\/flair-boutique.de\/clickandbuilds\/BoutiqueFlair\/#\/schema\/logo\/image\/","url":"https:\/\/flair-boutique.de\/wp-content\/uploads\/2016\/11\/2016-11-08-19-19-11.jpg","contentUrl":"https:\/\/flair-boutique.de\/wp-content\/uploads\/2016\/11\/2016-11-08-19-19-11.jpg","width":859,"height":419,"caption":"Flair Boutique"},"image":{"@id":"https:\/\/flair-boutique.de\/clickandbuilds\/BoutiqueFlair\/#\/schema\/logo\/image\/"}}]}},"_links":{"self":[{"href":"https:\/\/flair-boutique.de\/clickandbuilds\/BoutiqueFlair\/wp-json\/wp\/v2\/pages\/99","targetHints":{"allow":["GET"]}}],"collection":[{"href":"https:\/\/flair-boutique.de\/clickandbuilds\/BoutiqueFlair\/wp-json\/wp\/v2\/pages"}],"about":[{"href":"https:\/\/flair-boutique.de\/clickandbuilds\/BoutiqueFlair\/wp-json\/wp\/v2\/types\/page"}],"author":[{"embeddable":true,"href":"https:\/\/flair-boutique.de\/clickandbuilds\/BoutiqueFlair\/wp-json\/wp\/v2\/users\/2"}],"replies":[{"embeddable":true,"href":"https:\/\/flair-boutique.de\/clickandbuilds\/BoutiqueFlair\/wp-json\/wp\/v2\/comments?post=99"}],"version-history":[{"count":36,"href":"https:\/\/flair-boutique.de\/clickandbuilds\/BoutiqueFlair\/wp-json\/wp\/v2\/pages\/99\/revisions"}],"predecessor-version":[{"id":1743,"href":"https:\/\/flair-boutique.de\/clickandbuilds\/BoutiqueFlair\/wp-json\/wp\/v2\/pages\/99\/revisions\/1743"}],"wp:attachment":[{"href":"https:\/\/flair-boutique.de\/clickandbuilds\/BoutiqueFlair\/wp-json\/wp\/v2\/media?parent=99"}],"curies":[{"name":"wp","href":"https:\/\/api.w.org\/{rel}","templated":true}]}}