{"id":93,"date":"2016-05-07T09:11:11","date_gmt":"2016-05-07T09:11:11","guid":{"rendered":"http:\/\/flair-boutique.de\/?page_id=93"},"modified":"2026-05-05T13:38:38","modified_gmt":"2026-05-05T13:38:38","slug":"oeffnungszeiten","status":"publish","type":"page","link":"https:\/\/flair-boutique.de\/clickandbuilds\/BoutiqueFlair\/oeffnungszeiten","title":{"rendered":"Neue \u00d6ffnungszeiten"},"content":{"rendered":"<div class=\"wp-block-image\">\n<figure class=\"alignleft size-large is-resized\"><img loading=\"lazy\" decoding=\"async\" width=\"768\" height=\"1024\" src=\"https:\/\/flair-boutique.de\/wp-content\/uploads\/2023\/12\/IMG-20231204-WA0011-768x1024.jpg\" alt=\"\" class=\"wp-image-2320\" style=\"width:279px;height:372px\" srcset=\"https:\/\/flair-boutique.de\/wp-content\/uploads\/2023\/12\/IMG-20231204-WA0011-768x1024.jpg 768w, https:\/\/flair-boutique.de\/wp-content\/uploads\/2023\/12\/IMG-20231204-WA0011-225x300.jpg 225w, https:\/\/flair-boutique.de\/wp-content\/uploads\/2023\/12\/IMG-20231204-WA0011-1152x1536.jpg 1152w, https:\/\/flair-boutique.de\/wp-content\/uploads\/2023\/12\/IMG-20231204-WA0011-45x60.jpg 45w, https:\/\/flair-boutique.de\/wp-content\/uploads\/2023\/12\/IMG-20231204-WA0011.jpg 1200w\" sizes=\"auto, (max-width: 768px) 100vw, 768px\" \/><\/figure>\n<\/div>\n\n\n<p class=\"has-text-align-left\"><br><\/p>\n\n\n\n<p>F\u00fcr pers\u00f6nliche Termine stehe ich Ihnen gerne auch au\u00dferhalb der geschlossenen Gesch\u00e4ftszeiten zur Verf\u00fcgung.  <\/p>\n\n\n\n<p><\/p>\n\n\n\n<p><\/p>\n\n\n\n<p><\/p>\n\n\n<table style=\"width: 550px;\">\n<tbody>\n<tr>\n<td style=\"width: 200px;\"><strong><span style=\"color: #000000;\">Montag<\/span><\/strong><\/td>\n<td style=\"width: 350px; text-align: left;\"><strong><span style=\"color: #000000;\">geschlossen<\/span><\/strong><\/td>\n<\/tr>\n<tr>\n<td><strong><span style=\"color: #000000;\">Dienstag<\/span><\/strong><\/td>\n<td><span style=\"color: #000000;\"><strong>nur mit Terminvereinbarung<\/strong><br \/><\/span><\/td>\n<\/tr>\n<tr>\n<td><strong><span style=\"color: #000000;\">Mittwoch<\/span><\/strong><\/td>\n<td><strong><span style=\"color: #000000;\">14:00 bis 18:00 Uhr<\/span><\/strong><\/td>\n<\/tr>\n<tr>\n<td><strong><span style=\"color: #000000;\">Donnerstag<\/span><\/strong><\/td>\n<td><strong><span style=\"color: #000000;\">14:00 bis 19:00 Uhr<\/span><\/strong><\/td>\n<\/tr>\n<tr>\n<td><strong><span style=\"color: #000000;\">Freitag<\/span><\/strong><\/td>\n<td><span style=\"color: #000000;\"><strong>10:00 bis 12:00\u00a0 14:00 bis 18:00 Uhr<\/strong><\/span><\/td>\n<\/tr>\n<tr>\n<td><strong><span style=\"color: #000000;\">Samstag<\/span><\/strong><\/td>\n<td><strong><span style=\"color: #000000;\">10:00 bis 13:00 Uhr<\/span><\/strong><\/td>\n<\/tr>\n<\/tbody>\n<\/table>\n\n\n<p><\/p>\n","protected":false},"excerpt":{"rendered":"<p>F\u00fcr pers\u00f6nliche Termine stehe ich Ihnen gerne auch au\u00dferhalb der geschlossenen Gesch\u00e4ftszeiten zur Verf\u00fcgung. Montag geschlossen Dienstag nur mit Terminvereinbarung Mittwoch 14:00 bis 18:00 Uhr &hellip; <\/p>\n","protected":false},"author":2,"featured_media":0,"parent":0,"menu_order":5,"comment_status":"closed","ping_status":"closed","template":"","meta":{"footnotes":""},"class_list":["post-93","page","type-page","status-publish","hentry"],"yoast_head":"<!-- This site is optimized with the Yoast SEO plugin v27.5 - https:\/\/yoast.com\/product\/yoast-seo-wordpress\/ -->\n<title>Neue \u00d6ffnungszeiten - Flair Boutique<\/title>\n<meta name=\"robots\" content=\"index, follow, max-snippet:-1, max-image-preview:large, max-video-preview:-1\" \/>\n<link rel=\"canonical\" href=\"https:\/\/flair-boutique.de\/clickandbuilds\/BoutiqueFlair\/oeffnungszeiten\" \/>\n<meta property=\"og:locale\" content=\"de_DE\" \/>\n<meta property=\"og:type\" content=\"article\" \/>\n<meta property=\"og:title\" content=\"Neue \u00d6ffnungszeiten - Flair Boutique\" \/>\n<meta property=\"og:description\" content=\"F\u00fcr pers\u00f6nliche Termine stehe ich Ihnen gerne auch au\u00dferhalb der geschlossenen Gesch\u00e4ftszeiten zur Verf\u00fcgung. Montag geschlossen Dienstag nur mit Terminvereinbarung Mittwoch 14:00 bis 18:00 Uhr &hellip;\" \/>\n<meta property=\"og:url\" content=\"https:\/\/flair-boutique.de\/clickandbuilds\/BoutiqueFlair\/oeffnungszeiten\" \/>\n<meta property=\"og:site_name\" content=\"Flair Boutique\" \/>\n<meta property=\"article:modified_time\" content=\"2026-05-05T13:38:38+00:00\" \/>\n<meta property=\"og:image\" content=\"https:\/\/flair-boutique.de\/wp-content\/uploads\/2023\/12\/IMG-20231204-WA0011.jpg\" \/>\n\t<meta property=\"og:image:width\" content=\"1200\" \/>\n\t<meta property=\"og:image:height\" content=\"1600\" \/>\n\t<meta property=\"og:image:type\" content=\"image\/jpeg\" \/>\n<meta name=\"twitter:card\" content=\"summary_large_image\" \/>\n<meta name=\"twitter:label1\" content=\"Gesch\u00e4tzte Lesezeit\" \/>\n\t<meta name=\"twitter:data1\" content=\"1\u00a0Minute\" \/>\n<script type=\"application\/ld+json\" class=\"yoast-schema-graph\">{\"@context\":\"https:\\\/\\\/schema.org\",\"@graph\":[{\"@type\":\"WebPage\",\"@id\":\"https:\\\/\\\/flair-boutique.de\\\/clickandbuilds\\\/BoutiqueFlair\\\/oeffnungszeiten\",\"url\":\"https:\\\/\\\/flair-boutique.de\\\/clickandbuilds\\\/BoutiqueFlair\\\/oeffnungszeiten\",\"name\":\"Neue \u00d6ffnungszeiten - Flair Boutique\",\"isPartOf\":{\"@id\":\"https:\\\/\\\/flair-boutique.de\\\/clickandbuilds\\\/BoutiqueFlair\\\/#website\"},\"primaryImageOfPage\":{\"@id\":\"https:\\\/\\\/flair-boutique.de\\\/clickandbuilds\\\/BoutiqueFlair\\\/oeffnungszeiten#primaryimage\"},\"image\":{\"@id\":\"https:\\\/\\\/flair-boutique.de\\\/clickandbuilds\\\/BoutiqueFlair\\\/oeffnungszeiten#primaryimage\"},\"thumbnailUrl\":\"https:\\\/\\\/flair-boutique.de\\\/wp-content\\\/uploads\\\/2023\\\/12\\\/IMG-20231204-WA0011-768x1024.jpg\",\"datePublished\":\"2016-05-07T09:11:11+00:00\",\"dateModified\":\"2026-05-05T13:38:38+00:00\",\"breadcrumb\":{\"@id\":\"https:\\\/\\\/flair-boutique.de\\\/clickandbuilds\\\/BoutiqueFlair\\\/oeffnungszeiten#breadcrumb\"},\"inLanguage\":\"de\",\"potentialAction\":[{\"@type\":\"ReadAction\",\"target\":[\"https:\\\/\\\/flair-boutique.de\\\/clickandbuilds\\\/BoutiqueFlair\\\/oeffnungszeiten\"]}]},{\"@type\":\"ImageObject\",\"inLanguage\":\"de\",\"@id\":\"https:\\\/\\\/flair-boutique.de\\\/clickandbuilds\\\/BoutiqueFlair\\\/oeffnungszeiten#primaryimage\",\"url\":\"https:\\\/\\\/flair-boutique.de\\\/wp-content\\\/uploads\\\/2023\\\/12\\\/IMG-20231204-WA0011-768x1024.jpg\",\"contentUrl\":\"https:\\\/\\\/flair-boutique.de\\\/wp-content\\\/uploads\\\/2023\\\/12\\\/IMG-20231204-WA0011-768x1024.jpg\"},{\"@type\":\"BreadcrumbList\",\"@id\":\"https:\\\/\\\/flair-boutique.de\\\/clickandbuilds\\\/BoutiqueFlair\\\/oeffnungszeiten#breadcrumb\",\"itemListElement\":[{\"@type\":\"ListItem\",\"position\":1,\"name\":\"Start\",\"item\":\"https:\\\/\\\/flair-boutique.de\\\/clickandbuilds\\\/BoutiqueFlair\\\/\"},{\"@type\":\"ListItem\",\"position\":2,\"name\":\"Neue \u00d6ffnungszeiten\"}]},{\"@type\":\"WebSite\",\"@id\":\"https:\\\/\\\/flair-boutique.de\\\/clickandbuilds\\\/BoutiqueFlair\\\/#website\",\"url\":\"https:\\\/\\\/flair-boutique.de\\\/clickandbuilds\\\/BoutiqueFlair\\\/\",\"name\":\"Flair Boutique\",\"description\":\"\",\"publisher\":{\"@id\":\"https:\\\/\\\/flair-boutique.de\\\/clickandbuilds\\\/BoutiqueFlair\\\/#organization\"},\"potentialAction\":[{\"@type\":\"SearchAction\",\"target\":{\"@type\":\"EntryPoint\",\"urlTemplate\":\"https:\\\/\\\/flair-boutique.de\\\/clickandbuilds\\\/BoutiqueFlair\\\/?s={search_term_string}\"},\"query-input\":{\"@type\":\"PropertyValueSpecification\",\"valueRequired\":true,\"valueName\":\"search_term_string\"}}],\"inLanguage\":\"de\"},{\"@type\":\"Organization\",\"@id\":\"https:\\\/\\\/flair-boutique.de\\\/clickandbuilds\\\/BoutiqueFlair\\\/#organization\",\"name\":\"Flair Boutique\",\"url\":\"https:\\\/\\\/flair-boutique.de\\\/clickandbuilds\\\/BoutiqueFlair\\\/\",\"logo\":{\"@type\":\"ImageObject\",\"inLanguage\":\"de\",\"@id\":\"https:\\\/\\\/flair-boutique.de\\\/clickandbuilds\\\/BoutiqueFlair\\\/#\\\/schema\\\/logo\\\/image\\\/\",\"url\":\"https:\\\/\\\/flair-boutique.de\\\/wp-content\\\/uploads\\\/2016\\\/11\\\/2016-11-08-19-19-11.jpg\",\"contentUrl\":\"https:\\\/\\\/flair-boutique.de\\\/wp-content\\\/uploads\\\/2016\\\/11\\\/2016-11-08-19-19-11.jpg\",\"width\":859,\"height\":419,\"caption\":\"Flair Boutique\"},\"image\":{\"@id\":\"https:\\\/\\\/flair-boutique.de\\\/clickandbuilds\\\/BoutiqueFlair\\\/#\\\/schema\\\/logo\\\/image\\\/\"}}]}<\/script>\n<!-- \/ Yoast SEO plugin. -->","yoast_head_json":{"title":"Neue \u00d6ffnungszeiten - Flair Boutique","robots":{"index":"index","follow":"follow","max-snippet":"max-snippet:-1","max-image-preview":"max-image-preview:large","max-video-preview":"max-video-preview:-1"},"canonical":"https:\/\/flair-boutique.de\/clickandbuilds\/BoutiqueFlair\/oeffnungszeiten","og_locale":"de_DE","og_type":"article","og_title":"Neue \u00d6ffnungszeiten - Flair Boutique","og_description":"F\u00fcr pers\u00f6nliche Termine stehe ich Ihnen gerne auch au\u00dferhalb der geschlossenen Gesch\u00e4ftszeiten zur Verf\u00fcgung. Montag geschlossen Dienstag nur mit Terminvereinbarung Mittwoch 14:00 bis 18:00 Uhr &hellip;","og_url":"https:\/\/flair-boutique.de\/clickandbuilds\/BoutiqueFlair\/oeffnungszeiten","og_site_name":"Flair Boutique","article_modified_time":"2026-05-05T13:38:38+00:00","og_image":[{"width":1200,"height":1600,"url":"https:\/\/flair-boutique.de\/wp-content\/uploads\/2023\/12\/IMG-20231204-WA0011.jpg","type":"image\/jpeg"}],"twitter_card":"summary_large_image","twitter_misc":{"Gesch\u00e4tzte Lesezeit":"1\u00a0Minute"},"schema":{"@context":"https:\/\/schema.org","@graph":[{"@type":"WebPage","@id":"https:\/\/flair-boutique.de\/clickandbuilds\/BoutiqueFlair\/oeffnungszeiten","url":"https:\/\/flair-boutique.de\/clickandbuilds\/BoutiqueFlair\/oeffnungszeiten","name":"Neue \u00d6ffnungszeiten - Flair Boutique","isPartOf":{"@id":"https:\/\/flair-boutique.de\/clickandbuilds\/BoutiqueFlair\/#website"},"primaryImageOfPage":{"@id":"https:\/\/flair-boutique.de\/clickandbuilds\/BoutiqueFlair\/oeffnungszeiten#primaryimage"},"image":{"@id":"https:\/\/flair-boutique.de\/clickandbuilds\/BoutiqueFlair\/oeffnungszeiten#primaryimage"},"thumbnailUrl":"https:\/\/flair-boutique.de\/wp-content\/uploads\/2023\/12\/IMG-20231204-WA0011-768x1024.jpg","datePublished":"2016-05-07T09:11:11+00:00","dateModified":"2026-05-05T13:38:38+00:00","breadcrumb":{"@id":"https:\/\/flair-boutique.de\/clickandbuilds\/BoutiqueFlair\/oeffnungszeiten#breadcrumb"},"inLanguage":"de","potentialAction":[{"@type":"ReadAction","target":["https:\/\/flair-boutique.de\/clickandbuilds\/BoutiqueFlair\/oeffnungszeiten"]}]},{"@type":"ImageObject","inLanguage":"de","@id":"https:\/\/flair-boutique.de\/clickandbuilds\/BoutiqueFlair\/oeffnungszeiten#primaryimage","url":"https:\/\/flair-boutique.de\/wp-content\/uploads\/2023\/12\/IMG-20231204-WA0011-768x1024.jpg","contentUrl":"https:\/\/flair-boutique.de\/wp-content\/uploads\/2023\/12\/IMG-20231204-WA0011-768x1024.jpg"},{"@type":"BreadcrumbList","@id":"https:\/\/flair-boutique.de\/clickandbuilds\/BoutiqueFlair\/oeffnungszeiten#breadcrumb","itemListElement":[{"@type":"ListItem","position":1,"name":"Start","item":"https:\/\/flair-boutique.de\/clickandbuilds\/BoutiqueFlair\/"},{"@type":"ListItem","position":2,"name":"Neue \u00d6ffnungszeiten"}]},{"@type":"WebSite","@id":"https:\/\/flair-boutique.de\/clickandbuilds\/BoutiqueFlair\/#website","url":"https:\/\/flair-boutique.de\/clickandbuilds\/BoutiqueFlair\/","name":"Flair Boutique","description":"","publisher":{"@id":"https:\/\/flair-boutique.de\/clickandbuilds\/BoutiqueFlair\/#organization"},"potentialAction":[{"@type":"SearchAction","target":{"@type":"EntryPoint","urlTemplate":"https:\/\/flair-boutique.de\/clickandbuilds\/BoutiqueFlair\/?s={search_term_string}"},"query-input":{"@type":"PropertyValueSpecification","valueRequired":true,"valueName":"search_term_string"}}],"inLanguage":"de"},{"@type":"Organization","@id":"https:\/\/flair-boutique.de\/clickandbuilds\/BoutiqueFlair\/#organization","name":"Flair Boutique","url":"https:\/\/flair-boutique.de\/clickandbuilds\/BoutiqueFlair\/","logo":{"@type":"ImageObject","inLanguage":"de","@id":"https:\/\/flair-boutique.de\/clickandbuilds\/BoutiqueFlair\/#\/schema\/logo\/image\/","url":"https:\/\/flair-boutique.de\/wp-content\/uploads\/2016\/11\/2016-11-08-19-19-11.jpg","contentUrl":"https:\/\/flair-boutique.de\/wp-content\/uploads\/2016\/11\/2016-11-08-19-19-11.jpg","width":859,"height":419,"caption":"Flair Boutique"},"image":{"@id":"https:\/\/flair-boutique.de\/clickandbuilds\/BoutiqueFlair\/#\/schema\/logo\/image\/"}}]}},"_links":{"self":[{"href":"https:\/\/flair-boutique.de\/clickandbuilds\/BoutiqueFlair\/wp-json\/wp\/v2\/pages\/93","targetHints":{"allow":["GET"]}}],"collection":[{"href":"https:\/\/flair-boutique.de\/clickandbuilds\/BoutiqueFlair\/wp-json\/wp\/v2\/pages"}],"about":[{"href":"https:\/\/flair-boutique.de\/clickandbuilds\/BoutiqueFlair\/wp-json\/wp\/v2\/types\/page"}],"author":[{"embeddable":true,"href":"https:\/\/flair-boutique.de\/clickandbuilds\/BoutiqueFlair\/wp-json\/wp\/v2\/users\/2"}],"replies":[{"embeddable":true,"href":"https:\/\/flair-boutique.de\/clickandbuilds\/BoutiqueFlair\/wp-json\/wp\/v2\/comments?post=93"}],"version-history":[{"count":81,"href":"https:\/\/flair-boutique.de\/clickandbuilds\/BoutiqueFlair\/wp-json\/wp\/v2\/pages\/93\/revisions"}],"predecessor-version":[{"id":2750,"href":"https:\/\/flair-boutique.de\/clickandbuilds\/BoutiqueFlair\/wp-json\/wp\/v2\/pages\/93\/revisions\/2750"}],"wp:attachment":[{"href":"https:\/\/flair-boutique.de\/clickandbuilds\/BoutiqueFlair\/wp-json\/wp\/v2\/media?parent=93"}],"curies":[{"name":"wp","href":"https:\/\/api.w.org\/{rel}","templated":true}]}}