{"id":2,"date":"2016-04-14T19:00:48","date_gmt":"2016-04-14T19:00:48","guid":{"rendered":"http:\/\/flair-boutique.de\/?page_id=2"},"modified":"2026-03-21T09:18:10","modified_gmt":"2026-03-21T09:18:10","slug":"flair-aktuell","status":"publish","type":"page","link":"https:\/\/flair-boutique.de\/clickandbuilds\/BoutiqueFlair\/","title":{"rendered":"Flair-Aktuell"},"content":{"rendered":"\n<div class=\"wp-block-group\"><div class=\"wp-block-group__inner-container is-layout-flow wp-block-group-is-layout-flow\"><div class=\"wp-block-image\">\n<figure class=\"aligncenter size-full\"><img loading=\"lazy\" decoding=\"async\" width=\"638\" height=\"644\" src=\"https:\/\/flair-boutique.de\/wp-content\/uploads\/2026\/03\/unnamed-1.png\" alt=\"\" class=\"wp-image-2729\" srcset=\"https:\/\/flair-boutique.de\/wp-content\/uploads\/2026\/03\/unnamed-1.png 638w, https:\/\/flair-boutique.de\/wp-content\/uploads\/2026\/03\/unnamed-1-297x300.png 297w, https:\/\/flair-boutique.de\/wp-content\/uploads\/2026\/03\/unnamed-1-150x150.png 150w\" sizes=\"auto, (max-width: 638px) 100vw, 638px\" \/><\/figure>\n<\/div>\n\n\n<p><strong>B<span style=\"color: #000000;\">outique Flair<\/span><\/strong><span style=\"color: #000000;\"><strong><br>der Geheimtipp f\u00fcr italienische Mode von Gr. 34 &#8211; 50. Die au\u00dfergew\u00f6hnliche Wohlf\u00fchlatmosph\u00e4re und die ausgezeichnete Zusammenstellung der Angebotspalette laden zum Shoppen ein.<\/strong><\/span><\/p>\n\n\n<div class=\"wp-block-image\">\n<figure class=\"alignleft\"><a href=\"http:\/\/flair-boutique.de\/wp-content\/uploads\/2016\/10\/DSCN0830-Large.jpg\"><img loading=\"lazy\" decoding=\"async\" width=\"300\" height=\"225\" src=\"http:\/\/flair-boutique.de\/wp-content\/uploads\/2016\/10\/DSCN0830-Large-300x225.jpg\" alt=\"dscn0830-large\" class=\"wp-image-762\" srcset=\"https:\/\/flair-boutique.de\/wp-content\/uploads\/2016\/10\/DSCN0830-Large-300x225.jpg 300w, https:\/\/flair-boutique.de\/wp-content\/uploads\/2016\/10\/DSCN0830-Large-768x576.jpg 768w, https:\/\/flair-boutique.de\/wp-content\/uploads\/2016\/10\/DSCN0830-Large-1024x768.jpg 1024w, https:\/\/flair-boutique.de\/wp-content\/uploads\/2016\/10\/DSCN0830-Large.jpg 1440w\" sizes=\"auto, (max-width: 300px) 100vw, 300px\" \/><\/a><figcaption class=\"wp-element-caption\"><span style=\"color: #333333;\"><strong>Wer w\u00fcrde nicht gerne einmal wieder entspannt einkaufen ? Mit Fachberatung, auf Wunsch auch Farb- und Stilberatung, die anspricht.<\/strong><\/span><\/figcaption><\/figure>\n<\/div>\n\n<div class=\"wp-block-image\">\n<figure class=\"alignright\"><a href=\"http:\/\/flair-boutique.de\/wp-content\/uploads\/2016\/04\/DSCN0681.jpg\"><img loading=\"lazy\" decoding=\"async\" width=\"300\" height=\"225\" src=\"http:\/\/flair-boutique.de\/wp-content\/uploads\/2016\/04\/DSCN0681-300x225.jpg\" alt=\"dscn0681\" class=\"wp-image-800\" srcset=\"https:\/\/flair-boutique.de\/wp-content\/uploads\/2016\/04\/DSCN0681-300x225.jpg 300w, https:\/\/flair-boutique.de\/wp-content\/uploads\/2016\/04\/DSCN0681-768x576.jpg 768w, https:\/\/flair-boutique.de\/wp-content\/uploads\/2016\/04\/DSCN0681-1024x768.jpg 1024w\" sizes=\"auto, (max-width: 300px) 100vw, 300px\" \/><\/a><figcaption class=\"wp-element-caption\"><span style=\"color: #000000;\"><strong>Da lohnt sich ein Abstecher nach Sommerkahl bei Sch\u00f6llkrippen<\/strong> <\/span><\/figcaption><\/figure>\n<\/div>\n\n\n<h5 class=\"wp-block-heading\"><span style=\"color: #993300;\"><span style=\"color: #000000;\"><br>Sie finden uns auch auf diversen Veranstaltungen im n\u00e4heren Umkreis, oder besuchen Sie doch einmal eine unserer Modenschauen in unserem Landhaus. Die aktuellen Daten erfahren Sie jeweils aus unseren pers\u00f6nlichen Kundenanschreiben, der Homepage oder rufen Sie uns einfach an.<\/span><\/span><span style=\"color: #000000;\"><strong>&nbsp;&nbsp;&nbsp;&nbsp;&nbsp;<\/strong><\/span><\/h5>\n\n\n\n<h5 class=\"wp-block-heading\"><span style=\"color: #000000;\"><strong>&nbsp;&nbsp;&nbsp;&nbsp;&nbsp;&nbsp;&nbsp;&nbsp;&nbsp;&nbsp;&nbsp;&nbsp;&nbsp;&nbsp;&nbsp;&nbsp;&nbsp;&nbsp;&nbsp;&nbsp;&nbsp;&nbsp;&nbsp;&nbsp;&nbsp;&nbsp;&nbsp;&nbsp;&nbsp;&nbsp;&nbsp;&nbsp;&nbsp;&nbsp;&nbsp;&nbsp;&nbsp;&nbsp;&nbsp; <\/strong><\/span><span style=\"color: #0000ff;\"><strong><br><\/strong><\/span><strong><span class=\"has-inline-color has-black-color\"><span style=\"color: #000000;\"><\/span><\/span><span style=\"color: #000000;\"><\/span><span style=\"color: #000000;\"><\/span><\/strong><\/h5>\n\n\n\n<p class=\"has-medium-font-size\"><em><strong><span style=\"color: #000000;\">Ruth Paschold und das Team der Boutique Flair.<\/span><\/strong><\/em><\/p>\n\n\n\n<h2 class=\"wp-block-heading\"><em><strong>&nbsp; &nbsp; &nbsp; &nbsp; &nbsp; &nbsp; &nbsp; &nbsp; &nbsp; &nbsp; &nbsp; &nbsp; <\/strong><\/em>&nbsp;<\/h2>\n<\/div><\/div>\n","protected":false},"excerpt":{"rendered":"<p>Boutique Flairder Geheimtipp f\u00fcr italienische Mode von Gr. 34 &#8211; 50. Die au\u00dfergew\u00f6hnliche Wohlf\u00fchlatmosph\u00e4re und die ausgezeichnete Zusammenstellung der Angebotspalette laden zum Shoppen ein. Sie &hellip; <\/p>\n","protected":false},"author":1,"featured_media":0,"parent":0,"menu_order":0,"comment_status":"closed","ping_status":"open","template":"","meta":{"footnotes":""},"class_list":["post-2","page","type-page","status-publish","hentry"],"yoast_head":"<!-- This site is optimized with the Yoast SEO plugin v27.3 - https:\/\/yoast.com\/product\/yoast-seo-wordpress\/ -->\n<title>Flair-Aktuell - Flair Boutique<\/title>\n<meta name=\"robots\" content=\"index, follow, max-snippet:-1, max-image-preview:large, max-video-preview:-1\" \/>\n<link rel=\"canonical\" href=\"https:\/\/flair-boutique.de\/clickandbuilds\/BoutiqueFlair\/\" \/>\n<meta property=\"og:locale\" content=\"de_DE\" \/>\n<meta property=\"og:type\" content=\"article\" \/>\n<meta property=\"og:title\" content=\"Flair-Aktuell - Flair Boutique\" \/>\n<meta property=\"og:description\" content=\"Boutique Flairder Geheimtipp f\u00fcr italienische Mode von Gr. 34 &#8211; 50. Die au\u00dfergew\u00f6hnliche Wohlf\u00fchlatmosph\u00e4re und die ausgezeichnete Zusammenstellung der Angebotspalette laden zum Shoppen ein. Sie &hellip;\" \/>\n<meta property=\"og:url\" content=\"https:\/\/flair-boutique.de\/clickandbuilds\/BoutiqueFlair\/\" \/>\n<meta property=\"og:site_name\" content=\"Flair Boutique\" \/>\n<meta property=\"article:modified_time\" content=\"2026-03-21T09:18:10+00:00\" \/>\n<meta property=\"og:image\" content=\"https:\/\/flair-boutique.de\/wp-content\/uploads\/2026\/03\/unnamed-1.png\" \/>\n\t<meta property=\"og:image:width\" content=\"638\" \/>\n\t<meta property=\"og:image:height\" content=\"644\" \/>\n\t<meta property=\"og:image:type\" content=\"image\/png\" \/>\n<meta name=\"twitter:card\" content=\"summary_large_image\" \/>\n<meta name=\"twitter:label1\" content=\"Gesch\u00e4tzte Lesezeit\" \/>\n\t<meta name=\"twitter:data1\" content=\"2\u00a0Minuten\" \/>\n<script type=\"application\/ld+json\" class=\"yoast-schema-graph\">{\"@context\":\"https:\\\/\\\/schema.org\",\"@graph\":[{\"@type\":\"WebPage\",\"@id\":\"https:\\\/\\\/flair-boutique.de\\\/clickandbuilds\\\/BoutiqueFlair\\\/\",\"url\":\"https:\\\/\\\/flair-boutique.de\\\/clickandbuilds\\\/BoutiqueFlair\\\/\",\"name\":\"Flair-Aktuell - Flair Boutique\",\"isPartOf\":{\"@id\":\"https:\\\/\\\/flair-boutique.de\\\/clickandbuilds\\\/BoutiqueFlair\\\/#website\"},\"primaryImageOfPage\":{\"@id\":\"https:\\\/\\\/flair-boutique.de\\\/clickandbuilds\\\/BoutiqueFlair\\\/#primaryimage\"},\"image\":{\"@id\":\"https:\\\/\\\/flair-boutique.de\\\/clickandbuilds\\\/BoutiqueFlair\\\/#primaryimage\"},\"thumbnailUrl\":\"https:\\\/\\\/flair-boutique.de\\\/wp-content\\\/uploads\\\/2026\\\/03\\\/unnamed-1.png\",\"datePublished\":\"2016-04-14T19:00:48+00:00\",\"dateModified\":\"2026-03-21T09:18:10+00:00\",\"breadcrumb\":{\"@id\":\"https:\\\/\\\/flair-boutique.de\\\/clickandbuilds\\\/BoutiqueFlair\\\/#breadcrumb\"},\"inLanguage\":\"de\",\"potentialAction\":[{\"@type\":\"ReadAction\",\"target\":[\"https:\\\/\\\/flair-boutique.de\\\/clickandbuilds\\\/BoutiqueFlair\\\/\"]}]},{\"@type\":\"ImageObject\",\"inLanguage\":\"de\",\"@id\":\"https:\\\/\\\/flair-boutique.de\\\/clickandbuilds\\\/BoutiqueFlair\\\/#primaryimage\",\"url\":\"https:\\\/\\\/flair-boutique.de\\\/wp-content\\\/uploads\\\/2026\\\/03\\\/unnamed-1.png\",\"contentUrl\":\"https:\\\/\\\/flair-boutique.de\\\/wp-content\\\/uploads\\\/2026\\\/03\\\/unnamed-1.png\"},{\"@type\":\"BreadcrumbList\",\"@id\":\"https:\\\/\\\/flair-boutique.de\\\/clickandbuilds\\\/BoutiqueFlair\\\/#breadcrumb\",\"itemListElement\":[{\"@type\":\"ListItem\",\"position\":1,\"name\":\"Start\",\"item\":\"https:\\\/\\\/flair-boutique.de\\\/clickandbuilds\\\/BoutiqueFlair\\\/\"},{\"@type\":\"ListItem\",\"position\":2,\"name\":\"Flair-Aktuell\"}]},{\"@type\":\"WebSite\",\"@id\":\"https:\\\/\\\/flair-boutique.de\\\/clickandbuilds\\\/BoutiqueFlair\\\/#website\",\"url\":\"https:\\\/\\\/flair-boutique.de\\\/clickandbuilds\\\/BoutiqueFlair\\\/\",\"name\":\"Flair Boutique\",\"description\":\"\",\"publisher\":{\"@id\":\"https:\\\/\\\/flair-boutique.de\\\/clickandbuilds\\\/BoutiqueFlair\\\/#organization\"},\"potentialAction\":[{\"@type\":\"SearchAction\",\"target\":{\"@type\":\"EntryPoint\",\"urlTemplate\":\"https:\\\/\\\/flair-boutique.de\\\/clickandbuilds\\\/BoutiqueFlair\\\/?s={search_term_string}\"},\"query-input\":{\"@type\":\"PropertyValueSpecification\",\"valueRequired\":true,\"valueName\":\"search_term_string\"}}],\"inLanguage\":\"de\"},{\"@type\":\"Organization\",\"@id\":\"https:\\\/\\\/flair-boutique.de\\\/clickandbuilds\\\/BoutiqueFlair\\\/#organization\",\"name\":\"Flair Boutique\",\"url\":\"https:\\\/\\\/flair-boutique.de\\\/clickandbuilds\\\/BoutiqueFlair\\\/\",\"logo\":{\"@type\":\"ImageObject\",\"inLanguage\":\"de\",\"@id\":\"https:\\\/\\\/flair-boutique.de\\\/clickandbuilds\\\/BoutiqueFlair\\\/#\\\/schema\\\/logo\\\/image\\\/\",\"url\":\"https:\\\/\\\/flair-boutique.de\\\/wp-content\\\/uploads\\\/2016\\\/11\\\/2016-11-08-19-19-11.jpg\",\"contentUrl\":\"https:\\\/\\\/flair-boutique.de\\\/wp-content\\\/uploads\\\/2016\\\/11\\\/2016-11-08-19-19-11.jpg\",\"width\":859,\"height\":419,\"caption\":\"Flair Boutique\"},\"image\":{\"@id\":\"https:\\\/\\\/flair-boutique.de\\\/clickandbuilds\\\/BoutiqueFlair\\\/#\\\/schema\\\/logo\\\/image\\\/\"}}]}<\/script>\n<!-- \/ Yoast SEO plugin. -->","yoast_head_json":{"title":"Flair-Aktuell - Flair Boutique","robots":{"index":"index","follow":"follow","max-snippet":"max-snippet:-1","max-image-preview":"max-image-preview:large","max-video-preview":"max-video-preview:-1"},"canonical":"https:\/\/flair-boutique.de\/clickandbuilds\/BoutiqueFlair\/","og_locale":"de_DE","og_type":"article","og_title":"Flair-Aktuell - Flair Boutique","og_description":"Boutique Flairder Geheimtipp f\u00fcr italienische Mode von Gr. 34 &#8211; 50. Die au\u00dfergew\u00f6hnliche Wohlf\u00fchlatmosph\u00e4re und die ausgezeichnete Zusammenstellung der Angebotspalette laden zum Shoppen ein. Sie &hellip;","og_url":"https:\/\/flair-boutique.de\/clickandbuilds\/BoutiqueFlair\/","og_site_name":"Flair Boutique","article_modified_time":"2026-03-21T09:18:10+00:00","og_image":[{"width":638,"height":644,"url":"https:\/\/flair-boutique.de\/wp-content\/uploads\/2026\/03\/unnamed-1.png","type":"image\/png"}],"twitter_card":"summary_large_image","twitter_misc":{"Gesch\u00e4tzte Lesezeit":"2\u00a0Minuten"},"schema":{"@context":"https:\/\/schema.org","@graph":[{"@type":"WebPage","@id":"https:\/\/flair-boutique.de\/clickandbuilds\/BoutiqueFlair\/","url":"https:\/\/flair-boutique.de\/clickandbuilds\/BoutiqueFlair\/","name":"Flair-Aktuell - Flair Boutique","isPartOf":{"@id":"https:\/\/flair-boutique.de\/clickandbuilds\/BoutiqueFlair\/#website"},"primaryImageOfPage":{"@id":"https:\/\/flair-boutique.de\/clickandbuilds\/BoutiqueFlair\/#primaryimage"},"image":{"@id":"https:\/\/flair-boutique.de\/clickandbuilds\/BoutiqueFlair\/#primaryimage"},"thumbnailUrl":"https:\/\/flair-boutique.de\/wp-content\/uploads\/2026\/03\/unnamed-1.png","datePublished":"2016-04-14T19:00:48+00:00","dateModified":"2026-03-21T09:18:10+00:00","breadcrumb":{"@id":"https:\/\/flair-boutique.de\/clickandbuilds\/BoutiqueFlair\/#breadcrumb"},"inLanguage":"de","potentialAction":[{"@type":"ReadAction","target":["https:\/\/flair-boutique.de\/clickandbuilds\/BoutiqueFlair\/"]}]},{"@type":"ImageObject","inLanguage":"de","@id":"https:\/\/flair-boutique.de\/clickandbuilds\/BoutiqueFlair\/#primaryimage","url":"https:\/\/flair-boutique.de\/wp-content\/uploads\/2026\/03\/unnamed-1.png","contentUrl":"https:\/\/flair-boutique.de\/wp-content\/uploads\/2026\/03\/unnamed-1.png"},{"@type":"BreadcrumbList","@id":"https:\/\/flair-boutique.de\/clickandbuilds\/BoutiqueFlair\/#breadcrumb","itemListElement":[{"@type":"ListItem","position":1,"name":"Start","item":"https:\/\/flair-boutique.de\/clickandbuilds\/BoutiqueFlair\/"},{"@type":"ListItem","position":2,"name":"Flair-Aktuell"}]},{"@type":"WebSite","@id":"https:\/\/flair-boutique.de\/clickandbuilds\/BoutiqueFlair\/#website","url":"https:\/\/flair-boutique.de\/clickandbuilds\/BoutiqueFlair\/","name":"Flair Boutique","description":"","publisher":{"@id":"https:\/\/flair-boutique.de\/clickandbuilds\/BoutiqueFlair\/#organization"},"potentialAction":[{"@type":"SearchAction","target":{"@type":"EntryPoint","urlTemplate":"https:\/\/flair-boutique.de\/clickandbuilds\/BoutiqueFlair\/?s={search_term_string}"},"query-input":{"@type":"PropertyValueSpecification","valueRequired":true,"valueName":"search_term_string"}}],"inLanguage":"de"},{"@type":"Organization","@id":"https:\/\/flair-boutique.de\/clickandbuilds\/BoutiqueFlair\/#organization","name":"Flair Boutique","url":"https:\/\/flair-boutique.de\/clickandbuilds\/BoutiqueFlair\/","logo":{"@type":"ImageObject","inLanguage":"de","@id":"https:\/\/flair-boutique.de\/clickandbuilds\/BoutiqueFlair\/#\/schema\/logo\/image\/","url":"https:\/\/flair-boutique.de\/wp-content\/uploads\/2016\/11\/2016-11-08-19-19-11.jpg","contentUrl":"https:\/\/flair-boutique.de\/wp-content\/uploads\/2016\/11\/2016-11-08-19-19-11.jpg","width":859,"height":419,"caption":"Flair Boutique"},"image":{"@id":"https:\/\/flair-boutique.de\/clickandbuilds\/BoutiqueFlair\/#\/schema\/logo\/image\/"}}]}},"_links":{"self":[{"href":"https:\/\/flair-boutique.de\/clickandbuilds\/BoutiqueFlair\/wp-json\/wp\/v2\/pages\/2","targetHints":{"allow":["GET"]}}],"collection":[{"href":"https:\/\/flair-boutique.de\/clickandbuilds\/BoutiqueFlair\/wp-json\/wp\/v2\/pages"}],"about":[{"href":"https:\/\/flair-boutique.de\/clickandbuilds\/BoutiqueFlair\/wp-json\/wp\/v2\/types\/page"}],"author":[{"embeddable":true,"href":"https:\/\/flair-boutique.de\/clickandbuilds\/BoutiqueFlair\/wp-json\/wp\/v2\/users\/1"}],"replies":[{"embeddable":true,"href":"https:\/\/flair-boutique.de\/clickandbuilds\/BoutiqueFlair\/wp-json\/wp\/v2\/comments?post=2"}],"version-history":[{"count":428,"href":"https:\/\/flair-boutique.de\/clickandbuilds\/BoutiqueFlair\/wp-json\/wp\/v2\/pages\/2\/revisions"}],"predecessor-version":[{"id":2730,"href":"https:\/\/flair-boutique.de\/clickandbuilds\/BoutiqueFlair\/wp-json\/wp\/v2\/pages\/2\/revisions\/2730"}],"wp:attachment":[{"href":"https:\/\/flair-boutique.de\/clickandbuilds\/BoutiqueFlair\/wp-json\/wp\/v2\/media?parent=2"}],"curies":[{"name":"wp","href":"https:\/\/api.w.org\/{rel}","templated":true}]}}